{"id":1116,"date":"2024-10-09T21:09:58","date_gmt":"2024-10-10T00:09:58","guid":{"rendered":"https:\/\/ciriofluvial.com.br\/?page_id=1116"},"modified":"2024-10-09T21:09:58","modified_gmt":"2024-10-10T00:09:58","slug":"evercompare","status":"publish","type":"page","link":"https:\/\/ciriofluvial.com.br\/?page_id=1116","title":{"rendered":"EverCompare"},"content":{"rendered":"<div class=\"htcompare-table\">\n    <div class=\"htcompare-return-to-shop\"><a href=\"https:\/\/ciriofluvial.com.br\/?page_id=6\" class=\"button\">Return to shop<\/a><\/div><\/div>\n","protected":false},"excerpt":{"rendered":"","protected":false},"author":1,"featured_media":0,"parent":0,"menu_order":0,"comment_status":"closed","ping_status":"closed","template":"","meta":{"om_disable_all_campaigns":false,"_uag_custom_page_level_css":"","_mi_skip_tracking":false,"_monsterinsights_sitenote_active":false,"_monsterinsights_sitenote_note":"","_monsterinsights_sitenote_category":0,"site-sidebar-layout":"default","site-content-layout":"default","ast-global-header-display":"","ast-banner-title-visibility":"","ast-main-header-display":"","ast-hfb-above-header-display":"","ast-hfb-below-header-display":"","ast-hfb-mobile-header-display":"","site-post-title":"","ast-breadcrumbs-content":"","ast-featured-img":"","footer-sml-layout":"","theme-transparent-header-meta":"","adv-header-id-meta":"","stick-header-meta":"","header-above-stick-meta":"","header-main-stick-meta":"","header-below-stick-meta":"","footnotes":"","two_page_speed":[]},"aioseo_notices":[],"yoast_head":"<!-- This site is optimized with the Yoast SEO plugin v20.12 - https:\/\/yoast.com\/wordpress\/plugins\/seo\/ -->\n<title>EverCompare - C\u00edrio Fluvial 2025: Passagens e Pacotes<\/title>\n<meta name=\"robots\" content=\"index, follow, max-snippet:-1, max-image-preview:large, max-video-preview:-1\" \/>\n<link rel=\"canonical\" href=\"https:\/\/ciriofluvial.com.br\/?page_id=1116\" \/>\n<meta property=\"og:locale\" content=\"pt_BR\" \/>\n<meta property=\"og:type\" content=\"article\" \/>\n<meta property=\"og:title\" content=\"EverCompare - C\u00edrio Fluvial 2025: Passagens e Pacotes\" \/>\n<meta property=\"og:url\" content=\"https:\/\/ciriofluvial.com.br\/?page_id=1116\" \/>\n<meta property=\"og:site_name\" content=\"C\u00edrio Fluvial 2025: Passagens e Pacotes\" \/>\n<meta property=\"article:publisher\" content=\"https:\/\/www.facebook.com\/zarpar.passagem.barco\/\" \/>\n<meta name=\"twitter:card\" content=\"summary_large_image\" \/>\n<script type=\"application\/ld+json\" class=\"yoast-schema-graph\">{\"@context\":\"https:\/\/schema.org\",\"@graph\":[{\"@type\":\"WebPage\",\"@id\":\"https:\/\/ciriofluvial.com.br\/?page_id=1116\",\"url\":\"https:\/\/ciriofluvial.com.br\/?page_id=1116\",\"name\":\"EverCompare - C\u00edrio Fluvial 2025: Passagens e Pacotes\",\"isPartOf\":{\"@id\":\"https:\/\/ciriofluvial.com.br\/#website\"},\"datePublished\":\"2024-10-10T00:09:58+00:00\",\"dateModified\":\"2024-10-10T00:09:58+00:00\",\"breadcrumb\":{\"@id\":\"https:\/\/ciriofluvial.com.br\/?page_id=1116#breadcrumb\"},\"inLanguage\":\"pt-BR\",\"potentialAction\":[{\"@type\":\"ReadAction\",\"target\":[\"https:\/\/ciriofluvial.com.br\/?page_id=1116\"]}]},{\"@type\":\"BreadcrumbList\",\"@id\":\"https:\/\/ciriofluvial.com.br\/?page_id=1116#breadcrumb\",\"itemListElement\":[{\"@type\":\"ListItem\",\"position\":1,\"name\":\"In\u00edcio\",\"item\":\"https:\/\/ciriofluvial.com.br\/\"},{\"@type\":\"ListItem\",\"position\":2,\"name\":\"EverCompare\"}]},{\"@type\":\"WebSite\",\"@id\":\"https:\/\/ciriofluvial.com.br\/#website\",\"url\":\"https:\/\/ciriofluvial.com.br\/\",\"name\":\"C\u00edrio Fluvial 2025: Passagens e Pacotes\",\"description\":\"Embarque na emocionante jornada espiritual do C\u00edrio Fluvial 2023 com a renomada Empresa Zarpar! Garanta sua passagem e pacote exclusivo para vivenciar momentos de devo\u00e7\u00e3o, louvor e sorteio de imagens aben\u00e7oadas a bordo. N\u00e3o perca essa oportunidade de conectar-se \u00e0 f\u00e9 enquanto navega nas \u00e1guas serenas do rio. Pacotes para todas as idades dispon\u00edveis. Entre em contato para mais informa\u00e7\u00f5es: (91) 993608355.\",\"publisher\":{\"@id\":\"https:\/\/ciriofluvial.com.br\/#organization\"},\"potentialAction\":[{\"@type\":\"SearchAction\",\"target\":{\"@type\":\"EntryPoint\",\"urlTemplate\":\"https:\/\/ciriofluvial.com.br\/?s={search_term_string}\"},\"query-input\":\"required name=search_term_string\"}],\"inLanguage\":\"pt-BR\"},{\"@type\":\"Organization\",\"@id\":\"https:\/\/ciriofluvial.com.br\/#organization\",\"name\":\"C\u00edrio Fluvial 2025: Passagens e Pacotes\",\"url\":\"https:\/\/ciriofluvial.com.br\/\",\"logo\":{\"@type\":\"ImageObject\",\"inLanguage\":\"pt-BR\",\"@id\":\"https:\/\/ciriofluvial.com.br\/#\/schema\/logo\/image\/\",\"url\":\"http:\/\/ciriofluvial.com.br\/wp-content\/uploads\/2023\/07\/cirio-fluvial.png\",\"contentUrl\":\"http:\/\/ciriofluvial.com.br\/wp-content\/uploads\/2023\/07\/cirio-fluvial.png\",\"width\":1920,\"height\":1080,\"caption\":\"C\u00edrio Fluvial 2025: Passagens e Pacotes\"},\"image\":{\"@id\":\"https:\/\/ciriofluvial.com.br\/#\/schema\/logo\/image\/\"},\"sameAs\":[\"https:\/\/www.facebook.com\/zarpar.passagem.barco\/\",\"https:\/\/www.instagram.com\/ciriofluvial.oficial\/\"]}]}<\/script>\n<!-- \/ Yoast SEO plugin. -->","yoast_head_json":{"title":"EverCompare - C\u00edrio Fluvial 2025: Passagens e Pacotes","robots":{"index":"index","follow":"follow","max-snippet":"max-snippet:-1","max-image-preview":"max-image-preview:large","max-video-preview":"max-video-preview:-1"},"canonical":"https:\/\/ciriofluvial.com.br\/?page_id=1116","og_locale":"pt_BR","og_type":"article","og_title":"EverCompare - C\u00edrio Fluvial 2025: Passagens e Pacotes","og_url":"https:\/\/ciriofluvial.com.br\/?page_id=1116","og_site_name":"C\u00edrio Fluvial 2025: Passagens e Pacotes","article_publisher":"https:\/\/www.facebook.com\/zarpar.passagem.barco\/","twitter_card":"summary_large_image","schema":{"@context":"https:\/\/schema.org","@graph":[{"@type":"WebPage","@id":"https:\/\/ciriofluvial.com.br\/?page_id=1116","url":"https:\/\/ciriofluvial.com.br\/?page_id=1116","name":"EverCompare - C\u00edrio Fluvial 2025: Passagens e Pacotes","isPartOf":{"@id":"https:\/\/ciriofluvial.com.br\/#website"},"datePublished":"2024-10-10T00:09:58+00:00","dateModified":"2024-10-10T00:09:58+00:00","breadcrumb":{"@id":"https:\/\/ciriofluvial.com.br\/?page_id=1116#breadcrumb"},"inLanguage":"pt-BR","potentialAction":[{"@type":"ReadAction","target":["https:\/\/ciriofluvial.com.br\/?page_id=1116"]}]},{"@type":"BreadcrumbList","@id":"https:\/\/ciriofluvial.com.br\/?page_id=1116#breadcrumb","itemListElement":[{"@type":"ListItem","position":1,"name":"In\u00edcio","item":"https:\/\/ciriofluvial.com.br\/"},{"@type":"ListItem","position":2,"name":"EverCompare"}]},{"@type":"WebSite","@id":"https:\/\/ciriofluvial.com.br\/#website","url":"https:\/\/ciriofluvial.com.br\/","name":"C\u00edrio Fluvial 2025: Passagens e Pacotes","description":"Embarque na emocionante jornada espiritual do C\u00edrio Fluvial 2023 com a renomada Empresa Zarpar! Garanta sua passagem e pacote exclusivo para vivenciar momentos de devo\u00e7\u00e3o, louvor e sorteio de imagens aben\u00e7oadas a bordo. N\u00e3o perca essa oportunidade de conectar-se \u00e0 f\u00e9 enquanto navega nas \u00e1guas serenas do rio. Pacotes para todas as idades dispon\u00edveis. Entre em contato para mais informa\u00e7\u00f5es: (91) 993608355.","publisher":{"@id":"https:\/\/ciriofluvial.com.br\/#organization"},"potentialAction":[{"@type":"SearchAction","target":{"@type":"EntryPoint","urlTemplate":"https:\/\/ciriofluvial.com.br\/?s={search_term_string}"},"query-input":"required name=search_term_string"}],"inLanguage":"pt-BR"},{"@type":"Organization","@id":"https:\/\/ciriofluvial.com.br\/#organization","name":"C\u00edrio Fluvial 2025: Passagens e Pacotes","url":"https:\/\/ciriofluvial.com.br\/","logo":{"@type":"ImageObject","inLanguage":"pt-BR","@id":"https:\/\/ciriofluvial.com.br\/#\/schema\/logo\/image\/","url":"http:\/\/ciriofluvial.com.br\/wp-content\/uploads\/2023\/07\/cirio-fluvial.png","contentUrl":"http:\/\/ciriofluvial.com.br\/wp-content\/uploads\/2023\/07\/cirio-fluvial.png","width":1920,"height":1080,"caption":"C\u00edrio Fluvial 2025: Passagens e Pacotes"},"image":{"@id":"https:\/\/ciriofluvial.com.br\/#\/schema\/logo\/image\/"},"sameAs":["https:\/\/www.facebook.com\/zarpar.passagem.barco\/","https:\/\/www.instagram.com\/ciriofluvial.oficial\/"]}]}},"uagb_featured_image_src":{"full":false,"thumbnail":false,"medium":false,"medium_large":false,"large":false,"1536x1536":false,"2048x2048":false,"wishsuite-image":false,"ever-compare-image":false,"_nx_notification_thumb":false,"mailpoet_newsletter_max":false,"tenweb_optimizer_mobile":false,"tenweb_optimizer_tablet":false,"woocommerce_thumbnail":false,"woocommerce_single":false,"woocommerce_gallery_thumbnail":false},"uagb_author_info":{"display_name":"Cirio Fluvial","author_link":"https:\/\/ciriofluvial.com.br\/?author=1"},"uagb_comment_info":0,"uagb_excerpt":null,"_links":{"self":[{"href":"https:\/\/ciriofluvial.com.br\/index.php?rest_route=\/wp\/v2\/pages\/1116"}],"collection":[{"href":"https:\/\/ciriofluvial.com.br\/index.php?rest_route=\/wp\/v2\/pages"}],"about":[{"href":"https:\/\/ciriofluvial.com.br\/index.php?rest_route=\/wp\/v2\/types\/page"}],"author":[{"embeddable":true,"href":"https:\/\/ciriofluvial.com.br\/index.php?rest_route=\/wp\/v2\/users\/1"}],"replies":[{"embeddable":true,"href":"https:\/\/ciriofluvial.com.br\/index.php?rest_route=%2Fwp%2Fv2%2Fcomments&post=1116"}],"version-history":[{"count":0,"href":"https:\/\/ciriofluvial.com.br\/index.php?rest_route=\/wp\/v2\/pages\/1116\/revisions"}],"wp:attachment":[{"href":"https:\/\/ciriofluvial.com.br\/index.php?rest_route=%2Fwp%2Fv2%2Fmedia&parent=1116"}],"curies":[{"name":"wp","href":"https:\/\/api.w.org\/{rel}","templated":true}]}}