{"id":9,"date":"2023-06-19T23:51:27","date_gmt":"2023-06-20T02:51:27","guid":{"rendered":"http:\/\/ciriofluvial.com.br\/?page_id=9"},"modified":"2023-06-19T23:51:27","modified_gmt":"2023-06-20T02:51:27","slug":"my-account","status":"publish","type":"page","link":"https:\/\/ciriofluvial.com.br\/?page_id=9","title":{"rendered":"My account"},"content":{"rendered":"<div class=\"woocommerce\"><div class=\"woocommerce-notices-wrapper\"><\/div>\n\n<div class=\"u-columns col2-set\" id=\"customer_login\">\n\n\t<div class=\"u-column1 col-1\">\n\n\n\t\t<h2>Entrar<\/h2>\n\n\t\t<form class=\"woocommerce-form woocommerce-form-login login\" method=\"post\">\n\n\t\t\t\n\t\t\t<p class=\"woocommerce-form-row woocommerce-form-row--wide form-row form-row-wide\">\n\t\t\t\t<label for=\"username\">Nome de usu\u00e1rio ou e-mail&nbsp;<span class=\"required\">*<\/span><\/label>\n\t\t\t\t<input type=\"text\" class=\"woocommerce-Input woocommerce-Input--text input-text\" name=\"username\" id=\"username\" autocomplete=\"username\" value=\"\" \/>\t\t\t<\/p>\n\t\t\t<p class=\"woocommerce-form-row woocommerce-form-row--wide form-row form-row-wide\">\n\t\t\t\t<label for=\"password\">Senha&nbsp;<span class=\"required\">*<\/span><\/label>\n\t\t\t\t<input class=\"woocommerce-Input woocommerce-Input--text input-text\" type=\"password\" name=\"password\" id=\"password\" autocomplete=\"current-password\" \/>\n\t\t\t<\/p>\n\n\t\t\t\n\t\t\t<p class=\"form-row\">\n\t\t\t\t<label class=\"woocommerce-form__label woocommerce-form__label-for-checkbox woocommerce-form-login__rememberme\">\n\t\t\t\t\t<input class=\"woocommerce-form__input woocommerce-form__input-checkbox\" name=\"rememberme\" type=\"checkbox\" id=\"rememberme\" value=\"forever\" \/> <span>Lembre-me<\/span>\n\t\t\t\t<\/label>\n\t\t\t\t<input type=\"hidden\" id=\"woocommerce-login-nonce\" name=\"woocommerce-login-nonce\" value=\"d12cd2a4f9\" \/><input type=\"hidden\" name=\"_wp_http_referer\" value=\"\/index.php?rest_route=%2Fwp%2Fv2%2Fpages%2F9\" \/>\t\t\t\t<button type=\"submit\" class=\"woocommerce-button button woocommerce-form-login__submit\" name=\"login\" value=\"Acessar\">Acessar<\/button>\n\t\t\t<\/p>\n\t\t\t<p class=\"woocommerce-LostPassword lost_password\">\n\t\t\t\t<a href=\"https:\/\/ciriofluvial.com.br\/?page_id=9&#038;lost-password\">Perdeu sua senha?<\/a>\n\t\t\t<\/p>\n\n\t\t\t\n\t\t<\/form>\n\n\n\t<\/div>\n\n\t<div class=\"u-column2 col-2\">\n\n\t\t<h2>Cadastre-se<\/h2>\n\n\t\t<form method=\"post\" class=\"woocommerce-form woocommerce-form-register register\"  >\n\n\t\t\t\n\t\t\t\n\t\t\t<p class=\"woocommerce-form-row woocommerce-form-row--wide form-row form-row-wide\">\n\t\t\t\t<label for=\"reg_email\">Endere\u00e7o de e-mail&nbsp;<span class=\"required\">*<\/span><\/label>\n\t\t\t\t<input type=\"email\" class=\"woocommerce-Input woocommerce-Input--text input-text\" name=\"email\" id=\"reg_email\" autocomplete=\"email\" value=\"\" \/>\t\t\t<\/p>\n\n\t\t\t\n\t\t\t\t<p>Um link para definir uma nova senha ser\u00e1 enviado para seu endere\u00e7o de e-mail.<\/p>\n\n\t\t\t\n\t\t\t<input type=\"hidden\" name=\"wc_order_attribution_source_type\" value=\"\" \/><input type=\"hidden\" name=\"wc_order_attribution_referrer\" value=\"\" \/><input type=\"hidden\" name=\"wc_order_attribution_utm_campaign\" value=\"\" \/><input type=\"hidden\" name=\"wc_order_attribution_utm_source\" value=\"\" \/><input type=\"hidden\" name=\"wc_order_attribution_utm_medium\" value=\"\" \/><input type=\"hidden\" name=\"wc_order_attribution_utm_content\" value=\"\" \/><input type=\"hidden\" name=\"wc_order_attribution_utm_id\" value=\"\" \/><input type=\"hidden\" name=\"wc_order_attribution_utm_term\" value=\"\" \/><input type=\"hidden\" name=\"wc_order_attribution_session_entry\" value=\"\" \/><input type=\"hidden\" name=\"wc_order_attribution_session_start_time\" value=\"\" \/><input type=\"hidden\" name=\"wc_order_attribution_session_pages\" value=\"\" \/><input type=\"hidden\" name=\"wc_order_attribution_session_count\" value=\"\" \/><input type=\"hidden\" name=\"wc_order_attribution_user_agent\" value=\"\" \/><div class=\"woocommerce-privacy-policy-text\"><p>Os seus dados pessoais ser\u00e3o utilizados para apoiar a sua experi\u00eancia em todo este website, para gerir o acesso \u00e0 sua conta e para outros fins descritos na nossa <a href=\"https:\/\/ciriofluvial.com.br\/?page_id=3\" class=\"woocommerce-privacy-policy-link\" target=\"_blank\">pol\u00edtica de privacidade<\/a>.<\/p>\n<\/div>\n\t\t\t<p class=\"woocommerce-form-row form-row\">\n\t\t\t\t<input type=\"hidden\" id=\"woocommerce-register-nonce\" name=\"woocommerce-register-nonce\" value=\"d258ee4700\" \/><input type=\"hidden\" name=\"_wp_http_referer\" value=\"\/index.php?rest_route=%2Fwp%2Fv2%2Fpages%2F9\" \/>\t\t\t\t<button type=\"submit\" class=\"woocommerce-Button woocommerce-button button woocommerce-form-register__submit\" name=\"register\" value=\"Cadastre-se\">Cadastre-se<\/button>\n\t\t\t<\/p>\n\n\t\t\t\n\t\t<\/form>\n\n\t<\/div>\n\n<\/div>\n\n<\/div>\n","protected":false},"excerpt":{"rendered":"","protected":false},"author":1,"featured_media":0,"parent":0,"menu_order":0,"comment_status":"closed","ping_status":"closed","template":"","meta":{"om_disable_all_campaigns":false,"_uag_custom_page_level_css":"","_mi_skip_tracking":false,"_monsterinsights_sitenote_active":false,"_monsterinsights_sitenote_note":"","_monsterinsights_sitenote_category":0,"site-sidebar-layout":"default","site-content-layout":"default","ast-global-header-display":"","ast-banner-title-visibility":"","ast-main-header-display":"","ast-hfb-above-header-display":"","ast-hfb-below-header-display":"","ast-hfb-mobile-header-display":"","site-post-title":"","ast-breadcrumbs-content":"","ast-featured-img":"","footer-sml-layout":"","theme-transparent-header-meta":"","adv-header-id-meta":"","stick-header-meta":"","header-above-stick-meta":"","header-main-stick-meta":"","header-below-stick-meta":"","footnotes":"","two_page_speed":[]},"aioseo_notices":[],"yoast_head":"<!-- This site is optimized with the Yoast SEO plugin v20.12 - https:\/\/yoast.com\/wordpress\/plugins\/seo\/ -->\n<title>My account - C\u00edrio Fluvial 2025: Passagens e Pacotes<\/title>\n<meta name=\"robots\" content=\"index, follow, max-snippet:-1, max-image-preview:large, max-video-preview:-1\" \/>\n<link rel=\"canonical\" href=\"https:\/\/ciriofluvial.com.br\/?page_id=9\" \/>\n<meta property=\"og:locale\" content=\"pt_BR\" \/>\n<meta property=\"og:type\" content=\"article\" \/>\n<meta property=\"og:title\" content=\"My account - C\u00edrio Fluvial 2025: Passagens e Pacotes\" \/>\n<meta property=\"og:url\" content=\"https:\/\/ciriofluvial.com.br\/?page_id=9\" \/>\n<meta property=\"og:site_name\" content=\"C\u00edrio Fluvial 2025: Passagens e Pacotes\" \/>\n<meta property=\"article:publisher\" content=\"https:\/\/www.facebook.com\/zarpar.passagem.barco\/\" \/>\n<meta name=\"twitter:card\" content=\"summary_large_image\" \/>\n<script type=\"application\/ld+json\" class=\"yoast-schema-graph\">{\"@context\":\"https:\/\/schema.org\",\"@graph\":[{\"@type\":\"WebPage\",\"@id\":\"https:\/\/ciriofluvial.com.br\/?page_id=9\",\"url\":\"https:\/\/ciriofluvial.com.br\/?page_id=9\",\"name\":\"My account - C\u00edrio Fluvial 2025: Passagens e Pacotes\",\"isPartOf\":{\"@id\":\"https:\/\/ciriofluvial.com.br\/#website\"},\"datePublished\":\"2023-06-20T02:51:27+00:00\",\"dateModified\":\"2023-06-20T02:51:27+00:00\",\"breadcrumb\":{\"@id\":\"https:\/\/ciriofluvial.com.br\/?page_id=9#breadcrumb\"},\"inLanguage\":\"pt-BR\",\"potentialAction\":[{\"@type\":\"ReadAction\",\"target\":[\"https:\/\/ciriofluvial.com.br\/?page_id=9\"]}]},{\"@type\":\"BreadcrumbList\",\"@id\":\"https:\/\/ciriofluvial.com.br\/?page_id=9#breadcrumb\",\"itemListElement\":[{\"@type\":\"ListItem\",\"position\":1,\"name\":\"In\u00edcio\",\"item\":\"https:\/\/ciriofluvial.com.br\/\"},{\"@type\":\"ListItem\",\"position\":2,\"name\":\"My account\"}]},{\"@type\":\"WebSite\",\"@id\":\"https:\/\/ciriofluvial.com.br\/#website\",\"url\":\"https:\/\/ciriofluvial.com.br\/\",\"name\":\"C\u00edrio Fluvial 2025: Passagens e Pacotes\",\"description\":\"Embarque na emocionante jornada espiritual do C\u00edrio Fluvial 2023 com a renomada Empresa Zarpar! Garanta sua passagem e pacote exclusivo para vivenciar momentos de devo\u00e7\u00e3o, louvor e sorteio de imagens aben\u00e7oadas a bordo. N\u00e3o perca essa oportunidade de conectar-se \u00e0 f\u00e9 enquanto navega nas \u00e1guas serenas do rio. Pacotes para todas as idades dispon\u00edveis. Entre em contato para mais informa\u00e7\u00f5es: (91) 993608355.\",\"publisher\":{\"@id\":\"https:\/\/ciriofluvial.com.br\/#organization\"},\"potentialAction\":[{\"@type\":\"SearchAction\",\"target\":{\"@type\":\"EntryPoint\",\"urlTemplate\":\"https:\/\/ciriofluvial.com.br\/?s={search_term_string}\"},\"query-input\":\"required name=search_term_string\"}],\"inLanguage\":\"pt-BR\"},{\"@type\":\"Organization\",\"@id\":\"https:\/\/ciriofluvial.com.br\/#organization\",\"name\":\"C\u00edrio Fluvial 2025: Passagens e Pacotes\",\"url\":\"https:\/\/ciriofluvial.com.br\/\",\"logo\":{\"@type\":\"ImageObject\",\"inLanguage\":\"pt-BR\",\"@id\":\"https:\/\/ciriofluvial.com.br\/#\/schema\/logo\/image\/\",\"url\":\"http:\/\/ciriofluvial.com.br\/wp-content\/uploads\/2023\/07\/cirio-fluvial.png\",\"contentUrl\":\"http:\/\/ciriofluvial.com.br\/wp-content\/uploads\/2023\/07\/cirio-fluvial.png\",\"width\":1920,\"height\":1080,\"caption\":\"C\u00edrio Fluvial 2025: Passagens e Pacotes\"},\"image\":{\"@id\":\"https:\/\/ciriofluvial.com.br\/#\/schema\/logo\/image\/\"},\"sameAs\":[\"https:\/\/www.facebook.com\/zarpar.passagem.barco\/\",\"https:\/\/www.instagram.com\/ciriofluvial.oficial\/\"]}]}<\/script>\n<!-- \/ Yoast SEO plugin. -->","yoast_head_json":{"title":"My account - C\u00edrio Fluvial 2025: Passagens e Pacotes","robots":{"index":"index","follow":"follow","max-snippet":"max-snippet:-1","max-image-preview":"max-image-preview:large","max-video-preview":"max-video-preview:-1"},"canonical":"https:\/\/ciriofluvial.com.br\/?page_id=9","og_locale":"pt_BR","og_type":"article","og_title":"My account - C\u00edrio Fluvial 2025: Passagens e Pacotes","og_url":"https:\/\/ciriofluvial.com.br\/?page_id=9","og_site_name":"C\u00edrio Fluvial 2025: Passagens e Pacotes","article_publisher":"https:\/\/www.facebook.com\/zarpar.passagem.barco\/","twitter_card":"summary_large_image","schema":{"@context":"https:\/\/schema.org","@graph":[{"@type":"WebPage","@id":"https:\/\/ciriofluvial.com.br\/?page_id=9","url":"https:\/\/ciriofluvial.com.br\/?page_id=9","name":"My account - C\u00edrio Fluvial 2025: Passagens e Pacotes","isPartOf":{"@id":"https:\/\/ciriofluvial.com.br\/#website"},"datePublished":"2023-06-20T02:51:27+00:00","dateModified":"2023-06-20T02:51:27+00:00","breadcrumb":{"@id":"https:\/\/ciriofluvial.com.br\/?page_id=9#breadcrumb"},"inLanguage":"pt-BR","potentialAction":[{"@type":"ReadAction","target":["https:\/\/ciriofluvial.com.br\/?page_id=9"]}]},{"@type":"BreadcrumbList","@id":"https:\/\/ciriofluvial.com.br\/?page_id=9#breadcrumb","itemListElement":[{"@type":"ListItem","position":1,"name":"In\u00edcio","item":"https:\/\/ciriofluvial.com.br\/"},{"@type":"ListItem","position":2,"name":"My account"}]},{"@type":"WebSite","@id":"https:\/\/ciriofluvial.com.br\/#website","url":"https:\/\/ciriofluvial.com.br\/","name":"C\u00edrio Fluvial 2025: Passagens e Pacotes","description":"Embarque na emocionante jornada espiritual do C\u00edrio Fluvial 2023 com a renomada Empresa Zarpar! Garanta sua passagem e pacote exclusivo para vivenciar momentos de devo\u00e7\u00e3o, louvor e sorteio de imagens aben\u00e7oadas a bordo. N\u00e3o perca essa oportunidade de conectar-se \u00e0 f\u00e9 enquanto navega nas \u00e1guas serenas do rio. Pacotes para todas as idades dispon\u00edveis. Entre em contato para mais informa\u00e7\u00f5es: (91) 993608355.","publisher":{"@id":"https:\/\/ciriofluvial.com.br\/#organization"},"potentialAction":[{"@type":"SearchAction","target":{"@type":"EntryPoint","urlTemplate":"https:\/\/ciriofluvial.com.br\/?s={search_term_string}"},"query-input":"required name=search_term_string"}],"inLanguage":"pt-BR"},{"@type":"Organization","@id":"https:\/\/ciriofluvial.com.br\/#organization","name":"C\u00edrio Fluvial 2025: Passagens e Pacotes","url":"https:\/\/ciriofluvial.com.br\/","logo":{"@type":"ImageObject","inLanguage":"pt-BR","@id":"https:\/\/ciriofluvial.com.br\/#\/schema\/logo\/image\/","url":"http:\/\/ciriofluvial.com.br\/wp-content\/uploads\/2023\/07\/cirio-fluvial.png","contentUrl":"http:\/\/ciriofluvial.com.br\/wp-content\/uploads\/2023\/07\/cirio-fluvial.png","width":1920,"height":1080,"caption":"C\u00edrio Fluvial 2025: Passagens e Pacotes"},"image":{"@id":"https:\/\/ciriofluvial.com.br\/#\/schema\/logo\/image\/"},"sameAs":["https:\/\/www.facebook.com\/zarpar.passagem.barco\/","https:\/\/www.instagram.com\/ciriofluvial.oficial\/"]}]}},"uagb_featured_image_src":{"full":false,"thumbnail":false,"medium":false,"medium_large":false,"large":false,"1536x1536":false,"2048x2048":false,"wishsuite-image":false,"ever-compare-image":false,"_nx_notification_thumb":false,"mailpoet_newsletter_max":false,"tenweb_optimizer_mobile":false,"tenweb_optimizer_tablet":false,"woocommerce_thumbnail":false,"woocommerce_single":false,"woocommerce_gallery_thumbnail":false},"uagb_author_info":{"display_name":"Cirio Fluvial","author_link":"https:\/\/ciriofluvial.com.br\/?author=1"},"uagb_comment_info":0,"uagb_excerpt":null,"_links":{"self":[{"href":"https:\/\/ciriofluvial.com.br\/index.php?rest_route=\/wp\/v2\/pages\/9"}],"collection":[{"href":"https:\/\/ciriofluvial.com.br\/index.php?rest_route=\/wp\/v2\/pages"}],"about":[{"href":"https:\/\/ciriofluvial.com.br\/index.php?rest_route=\/wp\/v2\/types\/page"}],"author":[{"embeddable":true,"href":"https:\/\/ciriofluvial.com.br\/index.php?rest_route=\/wp\/v2\/users\/1"}],"replies":[{"embeddable":true,"href":"https:\/\/ciriofluvial.com.br\/index.php?rest_route=%2Fwp%2Fv2%2Fcomments&post=9"}],"version-history":[{"count":0,"href":"https:\/\/ciriofluvial.com.br\/index.php?rest_route=\/wp\/v2\/pages\/9\/revisions"}],"wp:attachment":[{"href":"https:\/\/ciriofluvial.com.br\/index.php?rest_route=%2Fwp%2Fv2%2Fmedia&parent=9"}],"curies":[{"name":"wp","href":"https:\/\/api.w.org\/{rel}","templated":true}]}}