{"id":1081,"date":"2024-10-09T08:12:38","date_gmt":"2024-10-09T11:12:38","guid":{"rendered":"https:\/\/ciriofluvial.com.br\/?post_type=product&#038;p=1081"},"modified":"2025-10-21T16:29:41","modified_gmt":"2025-10-21T19:29:41","slug":"cirio-fluvial-2025-navio-ana-beatriz","status":"publish","type":"product","link":"https:\/\/ciriofluvial.com.br\/?product=cirio-fluvial-2025-navio-ana-beatriz","title":{"rendered":"Navio Ana Beatriz V- [Crian\u00e7a] Voucher Cirio Fluvial com Caf\u00e9 da Manh\u00e3 &#8211; Navio Ana Beatriz"},"content":{"rendered":"<h2 data-start=\"315\" data-end=\"394\">\ud83d\udea2 C\u00edrio Fluvial 2025 no Navio Ana Beatriz \u2013 Viva a F\u00e9 nas \u00c1guas da Amaz\u00f4nia<\/h2>\n<p data-start=\"396\" data-end=\"784\">Navegue pela emo\u00e7\u00e3o do <strong data-start=\"419\" data-end=\"462\">C\u00edrio Fluvial 2025 no Navio Ana Beatriz<\/strong>, uma das experi\u00eancias mais tocantes da maior manifesta\u00e7\u00e3o religiosa da Amaz\u00f4nia. A bordo de um dos navios mais tradicionais da regi\u00e3o, voc\u00ea vivenciar\u00e1 um momento de f\u00e9 profunda, cultura paraense e paisagens de tirar o f\u00f4lego \u2014 tudo isso <strong data-start=\"700\" data-end=\"746\">navegando pela encantadora Ba\u00eda do Guajar\u00e1<\/strong>, com o cora\u00e7\u00e3o de Bel\u00e9m como cen\u00e1rio.<\/p>\n<p data-start=\"786\" data-end=\"907\">\ud83d\udccd <strong data-start=\"789\" data-end=\"811\">Local de embarque:<\/strong>\u00a0Porto Perseveran\u00e7a F\/B Baluarte de Oeiras II<\/p>\n<p data-start=\"786\" data-end=\"907\">Av. Bernardo Say\u00e3o, 4378 \u2013 Guam\u00e1, Bel\u00e9m \u2013 PA, 66075-155<\/p>\n<p data-start=\"786\" data-end=\"907\">Viagem feita anualmente consulte se tiver d\u00favidas consulte os dias de viagem com a zarpar.<\/p>\n<p data-start=\"786\" data-end=\"907\">Viagem realizada com grupos de pessoas<\/p>\n<p data-start=\"786\" data-end=\"907\">Sa\u00edda dia 11\/outubro de 2025 as 06h 57, chegue cedo para evitar perde o barco.<\/p>\n<p data-start=\"786\" data-end=\"907\">Embarque as 05:50 da manh\u00e3<br data-start=\"875\" data-end=\"878\" \/>\u23f0 <strong data-start=\"880\" data-end=\"901\">Hor\u00e1rio de sa\u00edda:<\/strong> 07h10<\/p>\n<p data-start=\"909\" data-end=\"1183\">Bel\u00e9m, cidade das mangueiras e capital do Par\u00e1, \u00e9 o palco dessa tradi\u00e7\u00e3o centen\u00e1ria. A cidade se transforma com o C\u00edrio: barcos, ruas e cora\u00e7\u00f5es se enchem de f\u00e9. E voc\u00ea pode fazer parte disso <strong data-start=\"1101\" data-end=\"1119\">sobre as \u00e1guas<\/strong>, em um itiner\u00e1rio que une devo\u00e7\u00e3o, beleza natural e celebra\u00e7\u00e3o.<\/p>\n<hr data-start=\"1185\" data-end=\"1188\" \/>\n<h3 data-start=\"1190\" data-end=\"1231\">\ud83c\udf05 O que est\u00e1 incluso na experi\u00eancia:<\/h3>\n<p data-start=\"1232\" data-end=\"1633\">\ud83c\udfb6 <strong data-start=\"1235\" data-end=\"1288\">Anima\u00e7\u00e3o com banda regional e c\u00e2nticos religiosos<\/strong> ao vivo<br data-start=\"1296\" data-end=\"1299\" \/>\ud83c\udf7d\ufe0f <strong data-start=\"1303\" data-end=\"1349\">Caf\u00e9 da manh\u00e3 tradicional paraense incluso<\/strong>, servido a bordo<br data-start=\"1366\" data-end=\"1369\" \/>\ud83d\ude4f <strong data-start=\"1372\" data-end=\"1429\">Missa especial em homenagem \u00e0 Nossa Senhora de Nazar\u00e9<\/strong>, padroeira da Amaz\u00f4nia<br data-start=\"1452\" data-end=\"1455\" \/>\ud83c\udf07 <strong data-start=\"1458\" data-end=\"1499\">Passeio panor\u00e2mico pela orla de Bel\u00e9m<\/strong>, com vista privilegiada da <strong data-start=\"1527\" data-end=\"1546\">Ba\u00eda do Guajar\u00e1<\/strong><br data-start=\"1546\" data-end=\"1549\" \/>\u26f5 <strong data-start=\"1551\" data-end=\"1589\">Acompanhamento da Imagem Peregrina<\/strong> at\u00e9 Icoaraci, com louvores e clima de paz<\/p>\n<hr data-start=\"1635\" data-end=\"1638\" \/>\n<h3 data-start=\"1640\" data-end=\"1670\">\ud83e\uddd2 Pol\u00edtica para crian\u00e7as:<\/h3>\n<p data-start=\"1671\" data-end=\"1814\">\ud83d\udc76 <strong data-start=\"1674\" data-end=\"1689\">At\u00e9 5 anos:<\/strong> gratuito <em data-start=\"1699\" data-end=\"1732\">(n\u00e3o inclui camisa ou kit caf\u00e9)<\/em><br data-start=\"1732\" data-end=\"1735\" \/>\ud83e\uddd2 <strong data-start=\"1738\" data-end=\"1757\">De 6 a 10 anos:<\/strong> desconto especial <em data-start=\"1776\" data-end=\"1814\">(inclui camisa, n\u00e3o inclui kit caf\u00e9)<\/em><\/p>\n<hr data-start=\"1816\" data-end=\"1819\" \/>\n<h3 data-start=\"1821\" data-end=\"1840\">\ud83d\uddfa\ufe0f Itiner\u00e1rio:<\/h3>\n<p data-start=\"1841\" data-end=\"2130\">\u27a1\ufe0f <strong data-start=\"1844\" data-end=\"1868\">Sa\u00edda de Bel\u00e9m \u00e0s 7h<\/strong>,<br \/>\n\u27a1\ufe0f <strong data-start=\"1906\" data-end=\"1927\">Destino: Icoaraci<\/strong>, com caf\u00e9 da manh\u00e3 servido durante a navega\u00e7\u00e3o<br data-start=\"1974\" data-end=\"1977\" \/>\u27a1\ufe0f <strong data-start=\"1980\" data-end=\"2014\">Retorno com a Imagem Peregrina<\/strong>, acompanhando a prociss\u00e3o fluvial pela Ba\u00eda<br data-start=\"2058\" data-end=\"2061\" \/>\u27a1\ufe0f Durante todo o trajeto: <strong data-start=\"2088\" data-end=\"2130\">ora\u00e7\u00e3o, cantos e emo\u00e7\u00e3o \u00e0 flor da pele<\/strong><\/p>\n<hr data-start=\"2132\" data-end=\"2135\" \/>\n<p data-start=\"2137\" data-end=\"2330\">\u2728 Se voc\u00ea pudesse resumir o Par\u00e1 em um s\u00f3 momento, <strong data-start=\"2188\" data-end=\"2217\">o C\u00edrio Fluvial seria ele<\/strong>. Uma travessia pela f\u00e9, em meio \u00e0 cultura ribeirinha, ao som dos carimb\u00f3s e \u00e0s b\u00ean\u00e7\u00e3os que ecoam sobre as \u00e1guas.<\/p>\n<p data-start=\"2332\" data-end=\"2454\">\u26a0\ufe0f <strong data-start=\"2335\" data-end=\"2362\">Garanta j\u00e1 sua passagem<\/strong> e viva o <strong data-start=\"2372\" data-end=\"2415\">C\u00edrio Fluvial 2025 no Navio Ana Beatriz<\/strong> com quem entende da tradi\u00e7\u00e3o paraense!<\/p>\n<p data-start=\"2456\" data-end=\"2540\">\ud83d\udd17 <a class=\"\" href=\"http:\/\/www.ciriofluvial.com.br\" target=\"_new\" rel=\"noopener\" data-start=\"2459\" data-end=\"2540\">Saiba mais e reserve em www.ciriofluvial.com.br<\/a><\/p>\n","protected":false},"excerpt":{"rendered":"<h3 data-start=\"171\" data-end=\"211\">\ud83d\udea2 <em data-start=\"178\" data-end=\"211\">Navio Ana Beatriz \u2013 C\u00edrio Fluvial 2025<\/em><\/h3>\n<p data-start=\"212\" data-end=\"324\">\u23f0 <strong data-start=\"214\" data-end=\"235\">Hor\u00e1rio de sa\u00edda:<\/strong> 07h10<br data-start=\"241\" data-end=\"244\" \/>\ud83d\udccd <strong data-start=\"247\" data-end=\"260\">Embarque:<\/strong><\/p>\n<ul>\n<li>\n<div>\n<div class=\"place-name\">\n<p class=\"DUwDvf lfPIob\">Porto Perseveran\u00e7a F\/B Baluarte de Oeiras II<\/p>\n<\/div>\n<\/div>\n<\/li>\n<li>Av. Bernardo Say\u00e3o, 4378 \u2013 Guam\u00e1, Bel\u00e9m \u2013 PA, 66075-155<\/li>\n<li>Viagem feita anualmente consulte se tiver d\u00favidas consulte os dias de viagem com a zarpar.<\/li>\n<li>Viagem realizada com grupos de pessoas<\/li>\n<li>Sa\u00edda dia 11\/outubro de 2025\u00a0 as 06h 57, chegue cedo para evitar perde o barco.<\/li>\n<li>Embarque as 05:50 da manh\u00e3<\/li>\n<\/ul>\n<p data-start=\"326\" data-end=\"549\">Viva o <strong data-start=\"333\" data-end=\"355\">C\u00edrio Fluvial 2025<\/strong> a bordo do <em data-start=\"367\" data-end=\"379\">Navio Luan<\/em>, em uma manh\u00e3 de f\u00e9, emo\u00e7\u00e3o e celebra\u00e7\u00e3o. Ideal para quem deseja acompanhar os <strong data-start=\"459\" data-end=\"488\">ritos religiosos do C\u00edrio<\/strong> e ainda aproveitar um momento especial com amigos e fam\u00edlia.<\/p>\n<p data-start=\"551\" data-end=\"766\">\ud83c\udf7d\ufe0f <strong data-start=\"555\" data-end=\"580\">Caf\u00e9 da manh\u00e3 incluso<\/strong> para todos os passageiros<br data-start=\"606\" data-end=\"609\" \/>\ud83c\udf07 Ap\u00f3s a cerim\u00f4nia, curta um <strong data-start=\"639\" data-end=\"680\">passeio panor\u00e2mico pela orla de Bel\u00e9m<\/strong>, com direito a belas paisagens e clima festivo<br data-start=\"727\" data-end=\"730\" \/>\ud83c\udf81 <em data-start=\"733\" data-end=\"766\">Bolsa personalizada n\u00e3o inclusa<\/em><\/p>\n<p data-start=\"768\" data-end=\"868\">\u26a0\ufe0f <strong data-start=\"771\" data-end=\"801\">Garanta sua passagem agora<\/strong> e fa\u00e7a parte dessa experi\u00eancia inesquec\u00edvel no C\u00edrio Fluvial 2025!<\/p>\n<p data-start=\"870\" data-end=\"945\">\ud83d\udd17 Saiba mais em: <a class=\"\" href=\"http:\/\/www.ciriofluvial.com.br\" target=\"_new\" rel=\"noopener\" data-start=\"888\" data-end=\"945\">www.ciriofluvial.com.br<\/a><\/p>\n","protected":false},"featured_media":1302,"comment_status":"open","ping_status":"closed","template":"","meta":{"om_disable_all_campaigns":false,"_uag_custom_page_level_css":"","_mi_skip_tracking":false,"_monsterinsights_sitenote_active":false,"_monsterinsights_sitenote_note":"","_monsterinsights_sitenote_category":0,"site-sidebar-layout":"default","site-content-layout":"default","ast-global-header-display":"","ast-banner-title-visibility":"","ast-main-header-display":"","ast-hfb-above-header-display":"","ast-hfb-below-header-display":"","ast-hfb-mobile-header-display":"","site-post-title":"","ast-breadcrumbs-content":"","ast-featured-img":"","footer-sml-layout":"","theme-transparent-header-meta":"default","adv-header-id-meta":"","stick-header-meta":"","header-above-stick-meta":"","header-main-stick-meta":"","header-below-stick-meta":""},"product_cat":[39,29],"product_tag":[43,26,44],"aioseo_notices":[],"yoast_head":"<!-- This site is optimized with the Yoast SEO plugin v20.12 - https:\/\/yoast.com\/wordpress\/plugins\/seo\/ -->\n<title>C\u00edrio Fluvial 2025 no Navio Ana Beatriz |<\/title>\n<meta name=\"description\" content=\"C\u00edrio Fluvial 2025 no cora\u00e7\u00e3o da Amaz\u00f4nia! Participe dessa tradi\u00e7\u00e3o a bordo do Navio Ana Beatriz com f\u00e9, cultura e vista incr\u00edvel.\" \/>\n<meta name=\"robots\" content=\"index, follow, max-snippet:-1, max-image-preview:large, max-video-preview:-1\" \/>\n<link rel=\"canonical\" href=\"https:\/\/ciriofluvial.com.br\/?product=cirio-fluvial-2025-navio-ana-beatriz\" \/>\n<meta property=\"og:locale\" content=\"pt_BR\" \/>\n<meta property=\"og:type\" content=\"article\" \/>\n<meta property=\"og:title\" content=\"C\u00edrio Fluvial 2025 no Navio Ana Beatriz |\" \/>\n<meta property=\"og:description\" content=\"C\u00edrio Fluvial 2025 no cora\u00e7\u00e3o da Amaz\u00f4nia! Participe dessa tradi\u00e7\u00e3o a bordo do Navio Ana Beatriz com f\u00e9, cultura e vista incr\u00edvel.\" \/>\n<meta property=\"og:url\" content=\"https:\/\/ciriofluvial.com.br\/?product=cirio-fluvial-2025-navio-ana-beatriz\" \/>\n<meta property=\"og:site_name\" content=\"C\u00edrio Fluvial 2025: Passagens e Pacotes\" \/>\n<meta property=\"article:publisher\" content=\"https:\/\/www.facebook.com\/zarpar.passagem.barco\/\" \/>\n<meta property=\"article:modified_time\" content=\"2025-10-21T19:29:41+00:00\" \/>\n<meta property=\"og:image\" content=\"https:\/\/ciriofluvial.com.br\/wp-content\/uploads\/2024\/09\/Cirio-fluvial-2025-navio-ana-beatriz-romaria-fluvial-cirio-fluvial-como-participar-do-cirio-fluvial.jpg\" \/>\n\t<meta property=\"og:image:width\" content=\"225\" \/>\n\t<meta property=\"og:image:height\" content=\"225\" \/>\n\t<meta property=\"og:image:type\" content=\"image\/jpeg\" \/>\n<meta name=\"twitter:card\" content=\"summary_large_image\" \/>\n<meta name=\"twitter:label1\" content=\"Est. tempo de leitura\" \/>\n\t<meta name=\"twitter:data1\" content=\"3 minutos\" \/>\n<script type=\"application\/ld+json\" class=\"yoast-schema-graph\">{\"@context\":\"https:\/\/schema.org\",\"@graph\":[{\"@type\":\"WebPage\",\"@id\":\"https:\/\/ciriofluvial.com.br\/?product=cirio-fluvial-2025-navio-ana-beatriz\",\"url\":\"https:\/\/ciriofluvial.com.br\/?product=cirio-fluvial-2025-navio-ana-beatriz\",\"name\":\"C\u00edrio Fluvial 2025 no Navio Ana Beatriz |\",\"isPartOf\":{\"@id\":\"https:\/\/ciriofluvial.com.br\/#website\"},\"datePublished\":\"2024-10-09T11:12:38+00:00\",\"dateModified\":\"2025-10-21T19:29:41+00:00\",\"description\":\"C\u00edrio Fluvial 2025 no cora\u00e7\u00e3o da Amaz\u00f4nia! Participe dessa tradi\u00e7\u00e3o a bordo do Navio Ana Beatriz com f\u00e9, cultura e vista incr\u00edvel.\",\"breadcrumb\":{\"@id\":\"https:\/\/ciriofluvial.com.br\/?product=cirio-fluvial-2025-navio-ana-beatriz#breadcrumb\"},\"inLanguage\":\"pt-BR\",\"potentialAction\":[{\"@type\":\"ReadAction\",\"target\":[\"https:\/\/ciriofluvial.com.br\/?product=cirio-fluvial-2025-navio-ana-beatriz\"]}]},{\"@type\":\"BreadcrumbList\",\"@id\":\"https:\/\/ciriofluvial.com.br\/?product=cirio-fluvial-2025-navio-ana-beatriz#breadcrumb\",\"itemListElement\":[{\"@type\":\"ListItem\",\"position\":1,\"name\":\"In\u00edcio\",\"item\":\"https:\/\/ciriofluvial.com.br\/\"},{\"@type\":\"ListItem\",\"position\":2,\"name\":\"Loja do Cirio de Nazare 2025\",\"item\":\"https:\/\/ciriofluvial.com.br\/?page_id=6\"},{\"@type\":\"ListItem\",\"position\":3,\"name\":\"Navio Ana Beatriz V- [Crian\u00e7a] Voucher Cirio Fluvial com Caf\u00e9 da Manh\u00e3 &#8211; Navio Ana Beatriz\"}]},{\"@type\":\"WebSite\",\"@id\":\"https:\/\/ciriofluvial.com.br\/#website\",\"url\":\"https:\/\/ciriofluvial.com.br\/\",\"name\":\"C\u00edrio Fluvial 2025: Passagens e Pacotes\",\"description\":\"Embarque na emocionante jornada espiritual do C\u00edrio Fluvial 2023 com a renomada Empresa Zarpar! Garanta sua passagem e pacote exclusivo para vivenciar momentos de devo\u00e7\u00e3o, louvor e sorteio de imagens aben\u00e7oadas a bordo. N\u00e3o perca essa oportunidade de conectar-se \u00e0 f\u00e9 enquanto navega nas \u00e1guas serenas do rio. Pacotes para todas as idades dispon\u00edveis. Entre em contato para mais informa\u00e7\u00f5es: (91) 993608355.\",\"publisher\":{\"@id\":\"https:\/\/ciriofluvial.com.br\/#organization\"},\"potentialAction\":[{\"@type\":\"SearchAction\",\"target\":{\"@type\":\"EntryPoint\",\"urlTemplate\":\"https:\/\/ciriofluvial.com.br\/?s={search_term_string}\"},\"query-input\":\"required name=search_term_string\"}],\"inLanguage\":\"pt-BR\"},{\"@type\":\"Organization\",\"@id\":\"https:\/\/ciriofluvial.com.br\/#organization\",\"name\":\"C\u00edrio Fluvial 2025: Passagens e Pacotes\",\"url\":\"https:\/\/ciriofluvial.com.br\/\",\"logo\":{\"@type\":\"ImageObject\",\"inLanguage\":\"pt-BR\",\"@id\":\"https:\/\/ciriofluvial.com.br\/#\/schema\/logo\/image\/\",\"url\":\"http:\/\/ciriofluvial.com.br\/wp-content\/uploads\/2023\/07\/cirio-fluvial.png\",\"contentUrl\":\"http:\/\/ciriofluvial.com.br\/wp-content\/uploads\/2023\/07\/cirio-fluvial.png\",\"width\":1920,\"height\":1080,\"caption\":\"C\u00edrio Fluvial 2025: Passagens e Pacotes\"},\"image\":{\"@id\":\"https:\/\/ciriofluvial.com.br\/#\/schema\/logo\/image\/\"},\"sameAs\":[\"https:\/\/www.facebook.com\/zarpar.passagem.barco\/\",\"https:\/\/www.instagram.com\/ciriofluvial.oficial\/\"]}]}<\/script>\n<!-- \/ Yoast SEO plugin. -->","yoast_head_json":{"title":"C\u00edrio Fluvial 2025 no Navio Ana Beatriz |","description":"C\u00edrio Fluvial 2025 no cora\u00e7\u00e3o da Amaz\u00f4nia! Participe dessa tradi\u00e7\u00e3o a bordo do Navio Ana Beatriz com f\u00e9, cultura e vista incr\u00edvel.","robots":{"index":"index","follow":"follow","max-snippet":"max-snippet:-1","max-image-preview":"max-image-preview:large","max-video-preview":"max-video-preview:-1"},"canonical":"https:\/\/ciriofluvial.com.br\/?product=cirio-fluvial-2025-navio-ana-beatriz","og_locale":"pt_BR","og_type":"article","og_title":"C\u00edrio Fluvial 2025 no Navio Ana Beatriz |","og_description":"C\u00edrio Fluvial 2025 no cora\u00e7\u00e3o da Amaz\u00f4nia! Participe dessa tradi\u00e7\u00e3o a bordo do Navio Ana Beatriz com f\u00e9, cultura e vista incr\u00edvel.","og_url":"https:\/\/ciriofluvial.com.br\/?product=cirio-fluvial-2025-navio-ana-beatriz","og_site_name":"C\u00edrio Fluvial 2025: Passagens e Pacotes","article_publisher":"https:\/\/www.facebook.com\/zarpar.passagem.barco\/","article_modified_time":"2025-10-21T19:29:41+00:00","og_image":[{"width":225,"height":225,"url":"https:\/\/ciriofluvial.com.br\/wp-content\/uploads\/2024\/09\/Cirio-fluvial-2025-navio-ana-beatriz-romaria-fluvial-cirio-fluvial-como-participar-do-cirio-fluvial.jpg","type":"image\/jpeg"}],"twitter_card":"summary_large_image","twitter_misc":{"Est. tempo de leitura":"3 minutos"},"schema":{"@context":"https:\/\/schema.org","@graph":[{"@type":"WebPage","@id":"https:\/\/ciriofluvial.com.br\/?product=cirio-fluvial-2025-navio-ana-beatriz","url":"https:\/\/ciriofluvial.com.br\/?product=cirio-fluvial-2025-navio-ana-beatriz","name":"C\u00edrio Fluvial 2025 no Navio Ana Beatriz |","isPartOf":{"@id":"https:\/\/ciriofluvial.com.br\/#website"},"datePublished":"2024-10-09T11:12:38+00:00","dateModified":"2025-10-21T19:29:41+00:00","description":"C\u00edrio Fluvial 2025 no cora\u00e7\u00e3o da Amaz\u00f4nia! Participe dessa tradi\u00e7\u00e3o a bordo do Navio Ana Beatriz com f\u00e9, cultura e vista incr\u00edvel.","breadcrumb":{"@id":"https:\/\/ciriofluvial.com.br\/?product=cirio-fluvial-2025-navio-ana-beatriz#breadcrumb"},"inLanguage":"pt-BR","potentialAction":[{"@type":"ReadAction","target":["https:\/\/ciriofluvial.com.br\/?product=cirio-fluvial-2025-navio-ana-beatriz"]}]},{"@type":"BreadcrumbList","@id":"https:\/\/ciriofluvial.com.br\/?product=cirio-fluvial-2025-navio-ana-beatriz#breadcrumb","itemListElement":[{"@type":"ListItem","position":1,"name":"In\u00edcio","item":"https:\/\/ciriofluvial.com.br\/"},{"@type":"ListItem","position":2,"name":"Loja do Cirio de Nazare 2025","item":"https:\/\/ciriofluvial.com.br\/?page_id=6"},{"@type":"ListItem","position":3,"name":"Navio Ana Beatriz V- [Crian\u00e7a] Voucher Cirio Fluvial com Caf\u00e9 da Manh\u00e3 &#8211; Navio Ana Beatriz"}]},{"@type":"WebSite","@id":"https:\/\/ciriofluvial.com.br\/#website","url":"https:\/\/ciriofluvial.com.br\/","name":"C\u00edrio Fluvial 2025: Passagens e Pacotes","description":"Embarque na emocionante jornada espiritual do C\u00edrio Fluvial 2023 com a renomada Empresa Zarpar! Garanta sua passagem e pacote exclusivo para vivenciar momentos de devo\u00e7\u00e3o, louvor e sorteio de imagens aben\u00e7oadas a bordo. N\u00e3o perca essa oportunidade de conectar-se \u00e0 f\u00e9 enquanto navega nas \u00e1guas serenas do rio. Pacotes para todas as idades dispon\u00edveis. Entre em contato para mais informa\u00e7\u00f5es: (91) 993608355.","publisher":{"@id":"https:\/\/ciriofluvial.com.br\/#organization"},"potentialAction":[{"@type":"SearchAction","target":{"@type":"EntryPoint","urlTemplate":"https:\/\/ciriofluvial.com.br\/?s={search_term_string}"},"query-input":"required name=search_term_string"}],"inLanguage":"pt-BR"},{"@type":"Organization","@id":"https:\/\/ciriofluvial.com.br\/#organization","name":"C\u00edrio Fluvial 2025: Passagens e Pacotes","url":"https:\/\/ciriofluvial.com.br\/","logo":{"@type":"ImageObject","inLanguage":"pt-BR","@id":"https:\/\/ciriofluvial.com.br\/#\/schema\/logo\/image\/","url":"http:\/\/ciriofluvial.com.br\/wp-content\/uploads\/2023\/07\/cirio-fluvial.png","contentUrl":"http:\/\/ciriofluvial.com.br\/wp-content\/uploads\/2023\/07\/cirio-fluvial.png","width":1920,"height":1080,"caption":"C\u00edrio Fluvial 2025: Passagens e Pacotes"},"image":{"@id":"https:\/\/ciriofluvial.com.br\/#\/schema\/logo\/image\/"},"sameAs":["https:\/\/www.facebook.com\/zarpar.passagem.barco\/","https:\/\/www.instagram.com\/ciriofluvial.oficial\/"]}]}},"uagb_featured_image_src":{"full":["https:\/\/ciriofluvial.com.br\/wp-content\/uploads\/2024\/09\/Cirio-fluvial-2025-navio-ana-beatriz-romaria-fluvial-cirio-fluvial-como-participar-do-cirio-fluvial.jpg",225,225,false],"thumbnail":["https:\/\/ciriofluvial.com.br\/wp-content\/uploads\/2024\/09\/Cirio-fluvial-2025-navio-ana-beatriz-romaria-fluvial-cirio-fluvial-como-participar-do-cirio-fluvial-150x150.jpg",150,150,true],"medium":["https:\/\/ciriofluvial.com.br\/wp-content\/uploads\/2024\/09\/Cirio-fluvial-2025-navio-ana-beatriz-romaria-fluvial-cirio-fluvial-como-participar-do-cirio-fluvial.jpg",225,225,false],"medium_large":["https:\/\/ciriofluvial.com.br\/wp-content\/uploads\/2024\/09\/Cirio-fluvial-2025-navio-ana-beatriz-romaria-fluvial-cirio-fluvial-como-participar-do-cirio-fluvial.jpg",225,225,false],"large":["https:\/\/ciriofluvial.com.br\/wp-content\/uploads\/2024\/09\/Cirio-fluvial-2025-navio-ana-beatriz-romaria-fluvial-cirio-fluvial-como-participar-do-cirio-fluvial.jpg",225,225,false],"1536x1536":["https:\/\/ciriofluvial.com.br\/wp-content\/uploads\/2024\/09\/Cirio-fluvial-2025-navio-ana-beatriz-romaria-fluvial-cirio-fluvial-como-participar-do-cirio-fluvial.jpg",225,225,false],"2048x2048":["https:\/\/ciriofluvial.com.br\/wp-content\/uploads\/2024\/09\/Cirio-fluvial-2025-navio-ana-beatriz-romaria-fluvial-cirio-fluvial-como-participar-do-cirio-fluvial.jpg",225,225,false],"wishsuite-image":["https:\/\/ciriofluvial.com.br\/wp-content\/uploads\/2024\/09\/Cirio-fluvial-2025-navio-ana-beatriz-romaria-fluvial-cirio-fluvial-como-participar-do-cirio-fluvial-80x80.jpg",80,80,true],"ever-compare-image":["https:\/\/ciriofluvial.com.br\/wp-content\/uploads\/2024\/09\/Cirio-fluvial-2025-navio-ana-beatriz-romaria-fluvial-cirio-fluvial-como-participar-do-cirio-fluvial.jpg",225,225,false],"_nx_notification_thumb":["https:\/\/ciriofluvial.com.br\/wp-content\/uploads\/2024\/09\/Cirio-fluvial-2025-navio-ana-beatriz-romaria-fluvial-cirio-fluvial-como-participar-do-cirio-fluvial-100x100.jpg",100,100,true],"mailpoet_newsletter_max":["https:\/\/ciriofluvial.com.br\/wp-content\/uploads\/2024\/09\/Cirio-fluvial-2025-navio-ana-beatriz-romaria-fluvial-cirio-fluvial-como-participar-do-cirio-fluvial.jpg",225,225,false],"tenweb_optimizer_mobile":["https:\/\/ciriofluvial.com.br\/wp-content\/uploads\/2024\/09\/Cirio-fluvial-2025-navio-ana-beatriz-romaria-fluvial-cirio-fluvial-como-participar-do-cirio-fluvial.jpg",225,225,false],"tenweb_optimizer_tablet":["https:\/\/ciriofluvial.com.br\/wp-content\/uploads\/2024\/09\/Cirio-fluvial-2025-navio-ana-beatriz-romaria-fluvial-cirio-fluvial-como-participar-do-cirio-fluvial.jpg",225,225,false],"woocommerce_thumbnail":["https:\/\/ciriofluvial.com.br\/wp-content\/uploads\/2024\/09\/Cirio-fluvial-2025-navio-ana-beatriz-romaria-fluvial-cirio-fluvial-como-participar-do-cirio-fluvial.jpg",225,225,false],"woocommerce_single":["https:\/\/ciriofluvial.com.br\/wp-content\/uploads\/2024\/09\/Cirio-fluvial-2025-navio-ana-beatriz-romaria-fluvial-cirio-fluvial-como-participar-do-cirio-fluvial.jpg",225,225,false],"woocommerce_gallery_thumbnail":["https:\/\/ciriofluvial.com.br\/wp-content\/uploads\/2024\/09\/Cirio-fluvial-2025-navio-ana-beatriz-romaria-fluvial-cirio-fluvial-como-participar-do-cirio-fluvial-100x100.jpg",100,100,true]},"uagb_author_info":{"display_name":"Cirio Fluvial","author_link":"https:\/\/ciriofluvial.com.br\/?author=0"},"uagb_comment_info":0,"uagb_excerpt":"\ud83d\udea2 Navio Ana Beatriz \u2013 C\u00edrio Fluvial 2025 \u23f0 Hor\u00e1rio de sa\u00edda: 07h10\ud83d\udccd Embarque: Porto Perseveran\u00e7a F\/B Baluarte de Oeiras II Av. Bernardo Say\u00e3o, 4378 \u2013 Guam\u00e1, Bel\u00e9m \u2013 PA, 66075-155 Viagem feita anualmente consulte se tiver d\u00favidas consulte os dias de viagem com a zarpar. Viagem realizada com grupos de pessoas Sa\u00edda dia 11\/outubro&hellip;","_links":{"self":[{"href":"https:\/\/ciriofluvial.com.br\/index.php?rest_route=\/wp\/v2\/product\/1081"}],"collection":[{"href":"https:\/\/ciriofluvial.com.br\/index.php?rest_route=\/wp\/v2\/product"}],"about":[{"href":"https:\/\/ciriofluvial.com.br\/index.php?rest_route=\/wp\/v2\/types\/product"}],"replies":[{"embeddable":true,"href":"https:\/\/ciriofluvial.com.br\/index.php?rest_route=%2Fwp%2Fv2%2Fcomments&post=1081"}],"wp:featuredmedia":[{"embeddable":true,"href":"https:\/\/ciriofluvial.com.br\/index.php?rest_route=\/wp\/v2\/media\/1302"}],"wp:attachment":[{"href":"https:\/\/ciriofluvial.com.br\/index.php?rest_route=%2Fwp%2Fv2%2Fmedia&parent=1081"}],"wp:term":[{"taxonomy":"product_cat","embeddable":true,"href":"https:\/\/ciriofluvial.com.br\/index.php?rest_route=%2Fwp%2Fv2%2Fproduct_cat&post=1081"},{"taxonomy":"product_tag","embeddable":true,"href":"https:\/\/ciriofluvial.com.br\/index.php?rest_route=%2Fwp%2Fv2%2Fproduct_tag&post=1081"}],"curies":[{"name":"wp","href":"https:\/\/api.w.org\/{rel}","templated":true}]}}