{"id":651,"date":"2023-09-30T19:14:25","date_gmt":"2023-09-30T22:14:25","guid":{"rendered":"https:\/\/ciriofluvial.com.br\/?post_type=product&#038;p=651"},"modified":"2025-10-09T14:14:37","modified_gmt":"2025-10-09T17:14:37","slug":"voucher-cirio-fluvial-com-cafe-kit-completo-balsa-ana-beatriz","status":"publish","type":"product","link":"https:\/\/ciriofluvial.com.br\/?product=voucher-cirio-fluvial-com-cafe-kit-completo-balsa-ana-beatriz","title":{"rendered":"Balsa Bom Jesus &#8211; Adulto &#8211; Voucher Cirio Fluvial &#8211; Com Caf\u00e9"},"content":{"rendered":"","protected":false},"excerpt":{"rendered":"<div class=\"g-group l-lg-mar-bot-6 l-md-mar-bot-4\">\n<div class=\"g-cell g-cell-10-12 g-cell-md-1-1\">\n<div class=\"has-user-generated-content js-d-read-more read-more js-read-more read-more--medium-down read-more--expanded\" data-xd-wired=\"read-more\">\n<div class=\"js-xd-read-more-toggle-view read-more__toggle-view\">\n<div class=\"js-xd-read-more-contents text-body-medium\" data-automation=\"listing-event-description\">Participe desta \u00fanica e incr\u00edvel demonstra\u00e7\u00e3o de f\u00e9 em plena Ba\u00eda do Guajar\u00e1.<\/div>\n<\/div>\n<\/div>\n<\/div>\n<\/div>\n<div class=\"g-group l-mar-bot-6 l-sm-mar-bot-4\">\n<div class=\"structured-content g-cell g-cell-10-12 g-cell-md-1-1\">\n<div class=\"has-user-generated-content\" data-automation=\"about-this-event-sc\">\n<div class=\"structured-content-rich-text structured-content__module l-align-left l-mar-vert-6 l-sm-mar-vert-4 text-body-medium\">\n<p>Convidamos voc\u00ea para participar deste evento de f\u00e9, momento de boas energias, todos com um \u00fanico clamor, a paz.<\/p>\n<p>Receberemos voc\u00ea com um muita alegria e um belo nascer do sol, em seguida iremos para icoaraci esperar a santinha logo ap\u00f3s iniciaremos uma linda missa em homenagem \u00e0 Nossa Senhora de Nazar\u00e9. Durante todo o traslado haver\u00e1 c\u00e2nticos religiosos e voc\u00ea poder\u00e1 apreciar as demais embarca\u00e7\u00f5es que cortam a Ba\u00eda do Guajar\u00e1 acompanhando a Imagem da M\u00e3e de Nazar\u00e9 regada de muitas sauda\u00e7\u00f5es e agradecimentos.<br \/>\n<strong>O passeio dura aproximadamente 5 horas.<\/strong><\/p>\n<p>&nbsp;<\/p>\n<p>Mais um ano celebrando juntos esse momento grandioso de amor, f\u00e9 e religiosidade!<\/p>\n<p>inclui: camisa personalizada, missa a bordo, louvor e sorteio da imagem.<\/p>\n<p>&nbsp;<\/p>\n<p>Passaporte inclui: camisa personalizada, bon\u00e9. kit caf\u00e9 , missa a bordo, louvor e sorteio da imagem.<br \/>\nEmbarca\u00e7\u00e3o com 4 andares<br \/>\nMais de 10 padres da Basilica de nazar\u00e9 confirmados<\/p>\n<p>&nbsp;<\/p>\n<p><strong>\u00a0<\/strong><\/p>\n<\/div>\n<\/div>\n<\/div>\n<\/div>\n","protected":false},"featured_media":1243,"comment_status":"open","ping_status":"closed","template":"","meta":{"om_disable_all_campaigns":false,"_uag_custom_page_level_css":"","_mi_skip_tracking":false,"_monsterinsights_sitenote_active":false,"_monsterinsights_sitenote_note":"","_monsterinsights_sitenote_category":0,"site-sidebar-layout":"default","site-content-layout":"default","ast-global-header-display":"","ast-banner-title-visibility":"","ast-main-header-display":"","ast-hfb-above-header-display":"","ast-hfb-below-header-display":"","ast-hfb-mobile-header-display":"","site-post-title":"","ast-breadcrumbs-content":"","ast-featured-img":"","footer-sml-layout":"","theme-transparent-header-meta":"default","adv-header-id-meta":"","stick-header-meta":"","header-above-stick-meta":"","header-main-stick-meta":"","header-below-stick-meta":""},"product_cat":[29],"product_tag":[27,43,26,44],"aioseo_notices":[],"yoast_head":"<!-- This site is optimized with the Yoast SEO plugin v20.12 - https:\/\/yoast.com\/wordpress\/plugins\/seo\/ -->\n<title>C\u00edrio fluvial 2025 - Pacotes e Passagens para C\u00edrio fluvial 2025<\/title>\n<meta name=\"description\" content=\"C\u00edrio fluvial 2025: A Romaria do C\u00edrio Fluvial de Nossa Senhora de Nazar\u00e9, ocorre a partir das 9:00 h saindo do Porto de Bel\u00e9m. O percurso demora cerca de 5 h 30 min e tem C\u00edrio Fluvial recebeu 50 mil pessoas e 400 barcos. Passagem C\u00edrio fluvial Romaria \u00e9 grande atra\u00e7\u00e3o tur\u00edstica.\" \/>\n<meta name=\"robots\" content=\"index, follow, max-snippet:-1, max-image-preview:large, max-video-preview:-1\" \/>\n<link rel=\"canonical\" href=\"https:\/\/ciriofluvial.com.br\/?product=voucher-cirio-fluvial-com-cafe-kit-completo-balsa-ana-beatriz\" \/>\n<meta property=\"og:locale\" content=\"pt_BR\" \/>\n<meta property=\"og:type\" content=\"article\" \/>\n<meta property=\"og:title\" content=\"C\u00edrio fluvial 2025 - Pacotes e Passagens para C\u00edrio fluvial 2025\" \/>\n<meta property=\"og:description\" content=\"C\u00edrio fluvial 2025: A Romaria do C\u00edrio Fluvial de Nossa Senhora de Nazar\u00e9, ocorre a partir das 9:00 h saindo do Porto de Bel\u00e9m. O percurso demora cerca de 5 h 30 min e tem C\u00edrio Fluvial recebeu 50 mil pessoas e 400 barcos. Passagem C\u00edrio fluvial Romaria \u00e9 grande atra\u00e7\u00e3o tur\u00edstica.\" \/>\n<meta property=\"og:url\" content=\"https:\/\/ciriofluvial.com.br\/?product=voucher-cirio-fluvial-com-cafe-kit-completo-balsa-ana-beatriz\" \/>\n<meta property=\"og:site_name\" content=\"C\u00edrio Fluvial 2025: Passagens e Pacotes\" \/>\n<meta property=\"article:publisher\" content=\"https:\/\/www.facebook.com\/zarpar.passagem.barco\/\" \/>\n<meta property=\"article:modified_time\" content=\"2025-10-09T17:14:37+00:00\" \/>\n<meta property=\"og:image\" content=\"https:\/\/ciriofluvial.com.br\/wp-content\/uploads\/2023\/09\/www.ciriofluvial.com_.br-2.jpg\" \/>\n\t<meta property=\"og:image:width\" content=\"1600\" \/>\n\t<meta property=\"og:image:height\" content=\"1600\" \/>\n\t<meta property=\"og:image:type\" content=\"image\/jpeg\" \/>\n<meta name=\"twitter:card\" content=\"summary_large_image\" \/>\n<script type=\"application\/ld+json\" class=\"yoast-schema-graph\">{\"@context\":\"https:\/\/schema.org\",\"@graph\":[{\"@type\":\"WebPage\",\"@id\":\"https:\/\/ciriofluvial.com.br\/?product=voucher-cirio-fluvial-com-cafe-kit-completo-balsa-ana-beatriz\",\"url\":\"https:\/\/ciriofluvial.com.br\/?product=voucher-cirio-fluvial-com-cafe-kit-completo-balsa-ana-beatriz\",\"name\":\"C\u00edrio fluvial 2025 - Pacotes e Passagens para C\u00edrio fluvial 2025\",\"isPartOf\":{\"@id\":\"https:\/\/ciriofluvial.com.br\/#website\"},\"datePublished\":\"2023-09-30T22:14:25+00:00\",\"dateModified\":\"2025-10-09T17:14:37+00:00\",\"description\":\"C\u00edrio fluvial 2025: A Romaria do C\u00edrio Fluvial de Nossa Senhora de Nazar\u00e9, ocorre a partir das 9:00 h saindo do Porto de Bel\u00e9m. O percurso demora cerca de 5 h 30 min e tem C\u00edrio Fluvial recebeu 50 mil pessoas e 400 barcos. Passagem C\u00edrio fluvial Romaria \u00e9 grande atra\u00e7\u00e3o tur\u00edstica.\",\"breadcrumb\":{\"@id\":\"https:\/\/ciriofluvial.com.br\/?product=voucher-cirio-fluvial-com-cafe-kit-completo-balsa-ana-beatriz#breadcrumb\"},\"inLanguage\":\"pt-BR\",\"potentialAction\":[{\"@type\":\"ReadAction\",\"target\":[\"https:\/\/ciriofluvial.com.br\/?product=voucher-cirio-fluvial-com-cafe-kit-completo-balsa-ana-beatriz\"]}]},{\"@type\":\"BreadcrumbList\",\"@id\":\"https:\/\/ciriofluvial.com.br\/?product=voucher-cirio-fluvial-com-cafe-kit-completo-balsa-ana-beatriz#breadcrumb\",\"itemListElement\":[{\"@type\":\"ListItem\",\"position\":1,\"name\":\"In\u00edcio\",\"item\":\"https:\/\/ciriofluvial.com.br\/\"},{\"@type\":\"ListItem\",\"position\":2,\"name\":\"Loja do Cirio de Nazare 2025\",\"item\":\"https:\/\/ciriofluvial.com.br\/?page_id=6\"},{\"@type\":\"ListItem\",\"position\":3,\"name\":\"Balsa Bom Jesus &#8211; Adulto &#8211; Voucher Cirio Fluvial &#8211; Com Caf\u00e9\"}]},{\"@type\":\"WebSite\",\"@id\":\"https:\/\/ciriofluvial.com.br\/#website\",\"url\":\"https:\/\/ciriofluvial.com.br\/\",\"name\":\"C\u00edrio Fluvial 2025: Passagens e Pacotes\",\"description\":\"Embarque na emocionante jornada espiritual do C\u00edrio Fluvial 2023 com a renomada Empresa Zarpar! Garanta sua passagem e pacote exclusivo para vivenciar momentos de devo\u00e7\u00e3o, louvor e sorteio de imagens aben\u00e7oadas a bordo. N\u00e3o perca essa oportunidade de conectar-se \u00e0 f\u00e9 enquanto navega nas \u00e1guas serenas do rio. Pacotes para todas as idades dispon\u00edveis. Entre em contato para mais informa\u00e7\u00f5es: (91) 993608355.\",\"publisher\":{\"@id\":\"https:\/\/ciriofluvial.com.br\/#organization\"},\"potentialAction\":[{\"@type\":\"SearchAction\",\"target\":{\"@type\":\"EntryPoint\",\"urlTemplate\":\"https:\/\/ciriofluvial.com.br\/?s={search_term_string}\"},\"query-input\":\"required name=search_term_string\"}],\"inLanguage\":\"pt-BR\"},{\"@type\":\"Organization\",\"@id\":\"https:\/\/ciriofluvial.com.br\/#organization\",\"name\":\"C\u00edrio Fluvial 2025: Passagens e Pacotes\",\"url\":\"https:\/\/ciriofluvial.com.br\/\",\"logo\":{\"@type\":\"ImageObject\",\"inLanguage\":\"pt-BR\",\"@id\":\"https:\/\/ciriofluvial.com.br\/#\/schema\/logo\/image\/\",\"url\":\"http:\/\/ciriofluvial.com.br\/wp-content\/uploads\/2023\/07\/cirio-fluvial.png\",\"contentUrl\":\"http:\/\/ciriofluvial.com.br\/wp-content\/uploads\/2023\/07\/cirio-fluvial.png\",\"width\":1920,\"height\":1080,\"caption\":\"C\u00edrio Fluvial 2025: Passagens e Pacotes\"},\"image\":{\"@id\":\"https:\/\/ciriofluvial.com.br\/#\/schema\/logo\/image\/\"},\"sameAs\":[\"https:\/\/www.facebook.com\/zarpar.passagem.barco\/\",\"https:\/\/www.instagram.com\/ciriofluvial.oficial\/\"]}]}<\/script>\n<!-- \/ Yoast SEO plugin. -->","yoast_head_json":{"title":"C\u00edrio fluvial 2025 - Pacotes e Passagens para C\u00edrio fluvial 2025","description":"C\u00edrio fluvial 2025: A Romaria do C\u00edrio Fluvial de Nossa Senhora de Nazar\u00e9, ocorre a partir das 9:00 h saindo do Porto de Bel\u00e9m. O percurso demora cerca de 5 h 30 min e tem C\u00edrio Fluvial recebeu 50 mil pessoas e 400 barcos. Passagem C\u00edrio fluvial Romaria \u00e9 grande atra\u00e7\u00e3o tur\u00edstica.","robots":{"index":"index","follow":"follow","max-snippet":"max-snippet:-1","max-image-preview":"max-image-preview:large","max-video-preview":"max-video-preview:-1"},"canonical":"https:\/\/ciriofluvial.com.br\/?product=voucher-cirio-fluvial-com-cafe-kit-completo-balsa-ana-beatriz","og_locale":"pt_BR","og_type":"article","og_title":"C\u00edrio fluvial 2025 - Pacotes e Passagens para C\u00edrio fluvial 2025","og_description":"C\u00edrio fluvial 2025: A Romaria do C\u00edrio Fluvial de Nossa Senhora de Nazar\u00e9, ocorre a partir das 9:00 h saindo do Porto de Bel\u00e9m. O percurso demora cerca de 5 h 30 min e tem C\u00edrio Fluvial recebeu 50 mil pessoas e 400 barcos. Passagem C\u00edrio fluvial Romaria \u00e9 grande atra\u00e7\u00e3o tur\u00edstica.","og_url":"https:\/\/ciriofluvial.com.br\/?product=voucher-cirio-fluvial-com-cafe-kit-completo-balsa-ana-beatriz","og_site_name":"C\u00edrio Fluvial 2025: Passagens e Pacotes","article_publisher":"https:\/\/www.facebook.com\/zarpar.passagem.barco\/","article_modified_time":"2025-10-09T17:14:37+00:00","og_image":[{"width":1600,"height":1600,"url":"https:\/\/ciriofluvial.com.br\/wp-content\/uploads\/2023\/09\/www.ciriofluvial.com_.br-2.jpg","type":"image\/jpeg"}],"twitter_card":"summary_large_image","schema":{"@context":"https:\/\/schema.org","@graph":[{"@type":"WebPage","@id":"https:\/\/ciriofluvial.com.br\/?product=voucher-cirio-fluvial-com-cafe-kit-completo-balsa-ana-beatriz","url":"https:\/\/ciriofluvial.com.br\/?product=voucher-cirio-fluvial-com-cafe-kit-completo-balsa-ana-beatriz","name":"C\u00edrio fluvial 2025 - Pacotes e Passagens para C\u00edrio fluvial 2025","isPartOf":{"@id":"https:\/\/ciriofluvial.com.br\/#website"},"datePublished":"2023-09-30T22:14:25+00:00","dateModified":"2025-10-09T17:14:37+00:00","description":"C\u00edrio fluvial 2025: A Romaria do C\u00edrio Fluvial de Nossa Senhora de Nazar\u00e9, ocorre a partir das 9:00 h saindo do Porto de Bel\u00e9m. O percurso demora cerca de 5 h 30 min e tem C\u00edrio Fluvial recebeu 50 mil pessoas e 400 barcos. Passagem C\u00edrio fluvial Romaria \u00e9 grande atra\u00e7\u00e3o tur\u00edstica.","breadcrumb":{"@id":"https:\/\/ciriofluvial.com.br\/?product=voucher-cirio-fluvial-com-cafe-kit-completo-balsa-ana-beatriz#breadcrumb"},"inLanguage":"pt-BR","potentialAction":[{"@type":"ReadAction","target":["https:\/\/ciriofluvial.com.br\/?product=voucher-cirio-fluvial-com-cafe-kit-completo-balsa-ana-beatriz"]}]},{"@type":"BreadcrumbList","@id":"https:\/\/ciriofluvial.com.br\/?product=voucher-cirio-fluvial-com-cafe-kit-completo-balsa-ana-beatriz#breadcrumb","itemListElement":[{"@type":"ListItem","position":1,"name":"In\u00edcio","item":"https:\/\/ciriofluvial.com.br\/"},{"@type":"ListItem","position":2,"name":"Loja do Cirio de Nazare 2025","item":"https:\/\/ciriofluvial.com.br\/?page_id=6"},{"@type":"ListItem","position":3,"name":"Balsa Bom Jesus &#8211; Adulto &#8211; Voucher Cirio Fluvial &#8211; Com Caf\u00e9"}]},{"@type":"WebSite","@id":"https:\/\/ciriofluvial.com.br\/#website","url":"https:\/\/ciriofluvial.com.br\/","name":"C\u00edrio Fluvial 2025: Passagens e Pacotes","description":"Embarque na emocionante jornada espiritual do C\u00edrio Fluvial 2023 com a renomada Empresa Zarpar! Garanta sua passagem e pacote exclusivo para vivenciar momentos de devo\u00e7\u00e3o, louvor e sorteio de imagens aben\u00e7oadas a bordo. N\u00e3o perca essa oportunidade de conectar-se \u00e0 f\u00e9 enquanto navega nas \u00e1guas serenas do rio. Pacotes para todas as idades dispon\u00edveis. Entre em contato para mais informa\u00e7\u00f5es: (91) 993608355.","publisher":{"@id":"https:\/\/ciriofluvial.com.br\/#organization"},"potentialAction":[{"@type":"SearchAction","target":{"@type":"EntryPoint","urlTemplate":"https:\/\/ciriofluvial.com.br\/?s={search_term_string}"},"query-input":"required name=search_term_string"}],"inLanguage":"pt-BR"},{"@type":"Organization","@id":"https:\/\/ciriofluvial.com.br\/#organization","name":"C\u00edrio Fluvial 2025: Passagens e Pacotes","url":"https:\/\/ciriofluvial.com.br\/","logo":{"@type":"ImageObject","inLanguage":"pt-BR","@id":"https:\/\/ciriofluvial.com.br\/#\/schema\/logo\/image\/","url":"http:\/\/ciriofluvial.com.br\/wp-content\/uploads\/2023\/07\/cirio-fluvial.png","contentUrl":"http:\/\/ciriofluvial.com.br\/wp-content\/uploads\/2023\/07\/cirio-fluvial.png","width":1920,"height":1080,"caption":"C\u00edrio Fluvial 2025: Passagens e Pacotes"},"image":{"@id":"https:\/\/ciriofluvial.com.br\/#\/schema\/logo\/image\/"},"sameAs":["https:\/\/www.facebook.com\/zarpar.passagem.barco\/","https:\/\/www.instagram.com\/ciriofluvial.oficial\/"]}]}},"uagb_featured_image_src":{"full":["https:\/\/ciriofluvial.com.br\/wp-content\/uploads\/2023\/09\/www.ciriofluvial.com_.br-2.jpg",1600,1600,false],"thumbnail":["https:\/\/ciriofluvial.com.br\/wp-content\/uploads\/2023\/09\/www.ciriofluvial.com_.br-2-150x150.jpg",150,150,true],"medium":["https:\/\/ciriofluvial.com.br\/wp-content\/uploads\/2023\/09\/www.ciriofluvial.com_.br-2-300x300.jpg",300,300,true],"medium_large":["https:\/\/ciriofluvial.com.br\/wp-content\/uploads\/2023\/09\/www.ciriofluvial.com_.br-2-768x768.jpg",768,768,true],"large":["https:\/\/ciriofluvial.com.br\/wp-content\/uploads\/2023\/09\/www.ciriofluvial.com_.br-2-1024x1024.jpg",1024,1024,true],"1536x1536":["https:\/\/ciriofluvial.com.br\/wp-content\/uploads\/2023\/09\/www.ciriofluvial.com_.br-2-1536x1536.jpg",1536,1536,true],"2048x2048":["https:\/\/ciriofluvial.com.br\/wp-content\/uploads\/2023\/09\/www.ciriofluvial.com_.br-2.jpg",1600,1600,false],"wishsuite-image":["https:\/\/ciriofluvial.com.br\/wp-content\/uploads\/2023\/09\/www.ciriofluvial.com_.br-2-80x80.jpg",80,80,true],"ever-compare-image":["https:\/\/ciriofluvial.com.br\/wp-content\/uploads\/2023\/09\/www.ciriofluvial.com_.br-2-300x300.jpg",300,300,true],"_nx_notification_thumb":["https:\/\/ciriofluvial.com.br\/wp-content\/uploads\/2023\/09\/www.ciriofluvial.com_.br-2-100x100.jpg",100,100,true],"mailpoet_newsletter_max":["https:\/\/ciriofluvial.com.br\/wp-content\/uploads\/2023\/09\/www.ciriofluvial.com_.br-2-1320x1320.jpg",1320,1320,true],"tenweb_optimizer_mobile":["https:\/\/ciriofluvial.com.br\/wp-content\/uploads\/2023\/09\/www.ciriofluvial.com_.br-2-600x600.jpg",600,600,true],"tenweb_optimizer_tablet":["https:\/\/ciriofluvial.com.br\/wp-content\/uploads\/2023\/09\/www.ciriofluvial.com_.br-2-768x768.jpg",768,768,true],"woocommerce_thumbnail":["https:\/\/ciriofluvial.com.br\/wp-content\/uploads\/2023\/09\/www.ciriofluvial.com_.br-2-300x300.jpg",300,300,true],"woocommerce_single":["https:\/\/ciriofluvial.com.br\/wp-content\/uploads\/2023\/09\/www.ciriofluvial.com_.br-2-600x600.jpg",600,600,true],"woocommerce_gallery_thumbnail":["https:\/\/ciriofluvial.com.br\/wp-content\/uploads\/2023\/09\/www.ciriofluvial.com_.br-2-100x100.jpg",100,100,true]},"uagb_author_info":{"display_name":"Cirio Fluvial","author_link":"https:\/\/ciriofluvial.com.br\/?author=0"},"uagb_comment_info":0,"uagb_excerpt":"Participe desta \u00fanica e incr\u00edvel demonstra\u00e7\u00e3o de f\u00e9 em plena Ba\u00eda do Guajar\u00e1. Convidamos voc\u00ea para participar deste evento de f\u00e9, momento de boas energias, todos com um \u00fanico clamor, a paz. Receberemos voc\u00ea com um muita alegria e um belo nascer do sol, em seguida iremos para icoaraci esperar a santinha logo ap\u00f3s iniciaremos&hellip;","_links":{"self":[{"href":"https:\/\/ciriofluvial.com.br\/index.php?rest_route=\/wp\/v2\/product\/651"}],"collection":[{"href":"https:\/\/ciriofluvial.com.br\/index.php?rest_route=\/wp\/v2\/product"}],"about":[{"href":"https:\/\/ciriofluvial.com.br\/index.php?rest_route=\/wp\/v2\/types\/product"}],"replies":[{"embeddable":true,"href":"https:\/\/ciriofluvial.com.br\/index.php?rest_route=%2Fwp%2Fv2%2Fcomments&post=651"}],"wp:featuredmedia":[{"embeddable":true,"href":"https:\/\/ciriofluvial.com.br\/index.php?rest_route=\/wp\/v2\/media\/1243"}],"wp:attachment":[{"href":"https:\/\/ciriofluvial.com.br\/index.php?rest_route=%2Fwp%2Fv2%2Fmedia&parent=651"}],"wp:term":[{"taxonomy":"product_cat","embeddable":true,"href":"https:\/\/ciriofluvial.com.br\/index.php?rest_route=%2Fwp%2Fv2%2Fproduct_cat&post=651"},{"taxonomy":"product_tag","embeddable":true,"href":"https:\/\/ciriofluvial.com.br\/index.php?rest_route=%2Fwp%2Fv2%2Fproduct_tag&post=651"}],"curies":[{"name":"wp","href":"https:\/\/api.w.org\/{rel}","templated":true}]}}